{"id":67,"date":"2022-10-25T06:41:17","date_gmt":"2022-10-25T06:41:17","guid":{"rendered":"https:\/\/rod-kosciuszki.pl\/?page_id=67"},"modified":"2022-11-09T20:09:45","modified_gmt":"2022-11-09T20:09:45","slug":"do-pobrania","status":"publish","type":"page","link":"https:\/\/rod-kosciuszki.pl\/index.php\/do-pobrania\/","title":{"rendered":"Do pobrania"},"content":{"rendered":"<p><strong>PRAWO NA DZIA\u0141KACH<\/strong><\/p>\n<p><a href=\"https:\/\/rod-kosciuszki.pl\/wp-content\/uploads\/2022\/11\/ustawa_o_ROD_wer.n.pdf\">Ustawa o ROD<\/a><\/p>\n<p><a href=\"https:\/\/rod-kosciuszki.pl\/wp-content\/uploads\/2022\/11\/Statut-2017-zarejestrowany-z-przypisami.pdf\">Statut Polskiego Zwi\u0105zku Dzia\u0142kowc\u00f3w<\/a><\/p>\n<p><a href=\"https:\/\/rod-kosciuszki.pl\/wp-content\/uploads\/2022\/11\/Regulamin-ROD-2018-publik.pdf\">Regulamin ROD<\/a><\/p>\n<p><strong>PODSTAWOWE WZORY DOKUMENTY<\/strong><\/p>\n<p><a href=\"https:\/\/rod-kosciuszki.pl\/wp-content\/uploads\/2022\/11\/2-umowa-przeniesienia-prawa-do-dzialki-gotowe.docx\">Umowa przeniesienia praw do dzia\u0142ki<\/a><\/p>\n<p><a href=\"https:\/\/rod-kosciuszki.pl\/wp-content\/uploads\/2022\/11\/Wzor-deklaracji-czlonkowskiej.pdf\">Deklaracja cz\u0142onkowska<\/a><\/p>\n<p><a href=\"https:\/\/rod-kosciuszki.pl\/wp-content\/uploads\/2022\/11\/4-wniosekozatwierdzenieprzeniesieniaprawadodziaki-gotowe1.docx\">Wniosek o zatwierdzenie przeniesienia praw do dzia\u0142ki<\/a><\/p>\n<p>&nbsp;<\/p>\n","protected":false},"excerpt":{"rendered":"<p>PRAWO NA DZIA\u0141KACH Ustawa o ROD Statut Polskiego Zwi\u0105zku Dzia\u0142kowc\u00f3w Regulamin ROD PODSTAWOWE WZORY DOKUMENTY Umowa przeniesienia praw do dzia\u0142ki Deklaracja cz\u0142onkowska Wniosek o zatwierdzenie przeniesienia praw do dzia\u0142ki &nbsp;<\/p>\n","protected":false},"author":1,"featured_media":0,"parent":0,"menu_order":0,"comment_status":"closed","ping_status":"closed","template":"","meta":{"footnotes":""},"class_list":["post-67","page","type-page","status-publish","hentry"],"_links":{"self":[{"href":"https:\/\/rod-kosciuszki.pl\/index.php\/wp-json\/wp\/v2\/pages\/67","targetHints":{"allow":["GET"]}}],"collection":[{"href":"https:\/\/rod-kosciuszki.pl\/index.php\/wp-json\/wp\/v2\/pages"}],"about":[{"href":"https:\/\/rod-kosciuszki.pl\/index.php\/wp-json\/wp\/v2\/types\/page"}],"author":[{"embeddable":true,"href":"https:\/\/rod-kosciuszki.pl\/index.php\/wp-json\/wp\/v2\/users\/1"}],"replies":[{"embeddable":true,"href":"https:\/\/rod-kosciuszki.pl\/index.php\/wp-json\/wp\/v2\/comments?post=67"}],"version-history":[{"count":0,"href":"https:\/\/rod-kosciuszki.pl\/index.php\/wp-json\/wp\/v2\/pages\/67\/revisions"}],"wp:attachment":[{"href":"https:\/\/rod-kosciuszki.pl\/index.php\/wp-json\/wp\/v2\/media?parent=67"}],"curies":[{"name":"wp","href":"https:\/\/api.w.org\/{rel}","templated":true}]}}