{"id":2,"date":"2022-10-17T16:44:10","date_gmt":"2022-10-17T16:44:10","guid":{"rendered":"https:\/\/rod-kosciuszki.pl\/?page_id=2"},"modified":"2024-05-15T17:26:57","modified_gmt":"2024-05-15T17:26:57","slug":"zarzad","status":"publish","type":"page","link":"https:\/\/rod-kosciuszki.pl\/index.php\/zarzad\/","title":{"rendered":"Zarz\u0105d"},"content":{"rendered":"<figure id=\"attachment_120\" aria-describedby=\"caption-attachment-120\" style=\"width: 300px\" class=\"wp-caption alignnone\"><img loading=\"lazy\" decoding=\"async\" class=\"size-medium wp-image-120\" src=\"https:\/\/rod-kosciuszki.pl\/wp-content\/uploads\/2022\/11\/20221104_201730-300x241.jpg\" alt=\"\" width=\"300\" height=\"241\" srcset=\"https:\/\/rod-kosciuszki.pl\/wp-content\/uploads\/2022\/11\/20221104_201730-300x241.jpg 300w, https:\/\/rod-kosciuszki.pl\/wp-content\/uploads\/2022\/11\/20221104_201730-1024x822.jpg 1024w, https:\/\/rod-kosciuszki.pl\/wp-content\/uploads\/2022\/11\/20221104_201730-768x616.jpg 768w, https:\/\/rod-kosciuszki.pl\/wp-content\/uploads\/2022\/11\/20221104_201730-75x60.jpg 75w, https:\/\/rod-kosciuszki.pl\/wp-content\/uploads\/2022\/11\/20221104_201730.jpg 1376w\" sizes=\"auto, (max-width: 300px) 100vw, 300px\" \/><figcaption id=\"caption-attachment-120\" class=\"wp-caption-text\">PREZES<br \/>\u0141ukasz Hermann<\/figcaption><\/figure>\n<figure id=\"attachment_113\" aria-describedby=\"caption-attachment-113\" style=\"width: 291px\" class=\"wp-caption alignnone\"><img loading=\"lazy\" decoding=\"async\" class=\"size-medium wp-image-113\" src=\"https:\/\/rod-kosciuszki.pl\/wp-content\/uploads\/2022\/11\/20181207_200859-291x300.jpg\" alt=\"\" width=\"291\" height=\"300\" srcset=\"https:\/\/rod-kosciuszki.pl\/wp-content\/uploads\/2022\/11\/20181207_200859-291x300.jpg 291w, https:\/\/rod-kosciuszki.pl\/wp-content\/uploads\/2022\/11\/20181207_200859-992x1024.jpg 992w, https:\/\/rod-kosciuszki.pl\/wp-content\/uploads\/2022\/11\/20181207_200859-768x793.jpg 768w, https:\/\/rod-kosciuszki.pl\/wp-content\/uploads\/2022\/11\/20181207_200859-1488x1536.jpg 1488w, https:\/\/rod-kosciuszki.pl\/wp-content\/uploads\/2022\/11\/20181207_200859-58x60.jpg 58w, https:\/\/rod-kosciuszki.pl\/wp-content\/uploads\/2022\/11\/20181207_200859.jpg 1860w\" sizes=\"auto, (max-width: 291px) 100vw, 291px\" \/><figcaption id=\"caption-attachment-113\" class=\"wp-caption-text\">WICEPREZES<br \/>Grzegorz Soba\u0144ski<\/figcaption><\/figure>\n<figure id=\"attachment_111\" aria-describedby=\"caption-attachment-111\" style=\"width: 259px\" class=\"wp-caption alignnone\"><img loading=\"lazy\" decoding=\"async\" class=\"size-medium wp-image-111\" src=\"https:\/\/rod-kosciuszki.pl\/wp-content\/uploads\/2022\/11\/20181207_200853-259x300.jpg\" alt=\"\" width=\"259\" height=\"300\" srcset=\"https:\/\/rod-kosciuszki.pl\/wp-content\/uploads\/2022\/11\/20181207_200853-259x300.jpg 259w, https:\/\/rod-kosciuszki.pl\/wp-content\/uploads\/2022\/11\/20181207_200853-885x1024.jpg 885w, https:\/\/rod-kosciuszki.pl\/wp-content\/uploads\/2022\/11\/20181207_200853-768x888.jpg 768w, https:\/\/rod-kosciuszki.pl\/wp-content\/uploads\/2022\/11\/20181207_200853-1328x1536.jpg 1328w, https:\/\/rod-kosciuszki.pl\/wp-content\/uploads\/2022\/11\/20181207_200853-52x60.jpg 52w, https:\/\/rod-kosciuszki.pl\/wp-content\/uploads\/2022\/11\/20181207_200853.jpg 1660w\" sizes=\"auto, (max-width: 259px) 100vw, 259px\" \/><figcaption id=\"caption-attachment-111\" class=\"wp-caption-text\">CZ\u0141ONEK ZARZ\u0104DU<br \/>Daromi\u0142a Rakowska<\/figcaption><\/figure>\n<figure id=\"attachment_115\" aria-describedby=\"caption-attachment-115\" style=\"width: 260px\" class=\"wp-caption alignnone\"><img loading=\"lazy\" decoding=\"async\" class=\"size-medium wp-image-115\" src=\"https:\/\/rod-kosciuszki.pl\/wp-content\/uploads\/2022\/11\/20181207_200903-260x300.jpg\" alt=\"\" width=\"260\" height=\"300\" srcset=\"https:\/\/rod-kosciuszki.pl\/wp-content\/uploads\/2022\/11\/20181207_200903-260x300.jpg 260w, https:\/\/rod-kosciuszki.pl\/wp-content\/uploads\/2022\/11\/20181207_200903-888x1024.jpg 888w, https:\/\/rod-kosciuszki.pl\/wp-content\/uploads\/2022\/11\/20181207_200903-768x886.jpg 768w, https:\/\/rod-kosciuszki.pl\/wp-content\/uploads\/2022\/11\/20181207_200903-1332x1536.jpg 1332w, https:\/\/rod-kosciuszki.pl\/wp-content\/uploads\/2022\/11\/20181207_200903-52x60.jpg 52w, https:\/\/rod-kosciuszki.pl\/wp-content\/uploads\/2022\/11\/20181207_200903.jpg 1665w\" sizes=\"auto, (max-width: 260px) 100vw, 260px\" \/><figcaption id=\"caption-attachment-115\" class=\"wp-caption-text\">SEKRETARZ<br \/>Dorota Dobrowolska<\/figcaption><\/figure>\n<figure id=\"attachment_112\" aria-describedby=\"caption-attachment-112\" style=\"width: 245px\" class=\"wp-caption alignnone\"><img loading=\"lazy\" decoding=\"async\" class=\"size-medium wp-image-112\" src=\"https:\/\/rod-kosciuszki.pl\/wp-content\/uploads\/2022\/11\/20181207_200847-245x300.jpg\" alt=\"\" width=\"245\" height=\"300\" srcset=\"https:\/\/rod-kosciuszki.pl\/wp-content\/uploads\/2022\/11\/20181207_200847-245x300.jpg 245w, https:\/\/rod-kosciuszki.pl\/wp-content\/uploads\/2022\/11\/20181207_200847-836x1024.jpg 836w, https:\/\/rod-kosciuszki.pl\/wp-content\/uploads\/2022\/11\/20181207_200847-768x940.jpg 768w, https:\/\/rod-kosciuszki.pl\/wp-content\/uploads\/2022\/11\/20181207_200847-1254x1536.jpg 1254w, https:\/\/rod-kosciuszki.pl\/wp-content\/uploads\/2022\/11\/20181207_200847-49x60.jpg 49w, https:\/\/rod-kosciuszki.pl\/wp-content\/uploads\/2022\/11\/20181207_200847.jpg 1568w\" sizes=\"auto, (max-width: 245px) 100vw, 245px\" \/><figcaption id=\"caption-attachment-112\" class=\"wp-caption-text\">SKARBNIK<br \/>Halina Buchwald<\/figcaption><\/figure>\n<p>&nbsp;<\/p>\n<p><strong>KOMISJA REWIZYJNA<\/strong><\/p>\n<p>Jolanta Zi\u0119tek &#8211; Przewodnicz\u0105ca<\/p>\n<p>Krystyna Ossowska &#8211; Z-ca Przewodnicz\u0105cego<\/p>\n<p>Andrzej Stroi\u0144ski &#8211; Sekretarz<\/p>\n","protected":false},"excerpt":{"rendered":"<p>&nbsp; KOMISJA REWIZYJNA Jolanta Zi\u0119tek &#8211; Przewodnicz\u0105ca Krystyna Ossowska &#8211; Z-ca Przewodnicz\u0105cego Andrzej Stroi\u0144ski &#8211; Sekretarz<\/p>\n","protected":false},"author":1,"featured_media":0,"parent":0,"menu_order":0,"comment_status":"closed","ping_status":"open","template":"","meta":{"footnotes":""},"class_list":["post-2","page","type-page","status-publish","hentry"],"_links":{"self":[{"href":"https:\/\/rod-kosciuszki.pl\/index.php\/wp-json\/wp\/v2\/pages\/2","targetHints":{"allow":["GET"]}}],"collection":[{"href":"https:\/\/rod-kosciuszki.pl\/index.php\/wp-json\/wp\/v2\/pages"}],"about":[{"href":"https:\/\/rod-kosciuszki.pl\/index.php\/wp-json\/wp\/v2\/types\/page"}],"author":[{"embeddable":true,"href":"https:\/\/rod-kosciuszki.pl\/index.php\/wp-json\/wp\/v2\/users\/1"}],"replies":[{"embeddable":true,"href":"https:\/\/rod-kosciuszki.pl\/index.php\/wp-json\/wp\/v2\/comments?post=2"}],"version-history":[{"count":2,"href":"https:\/\/rod-kosciuszki.pl\/index.php\/wp-json\/wp\/v2\/pages\/2\/revisions"}],"predecessor-version":[{"id":693,"href":"https:\/\/rod-kosciuszki.pl\/index.php\/wp-json\/wp\/v2\/pages\/2\/revisions\/693"}],"wp:attachment":[{"href":"https:\/\/rod-kosciuszki.pl\/index.php\/wp-json\/wp\/v2\/media?parent=2"}],"curies":[{"name":"wp","href":"https:\/\/api.w.org\/{rel}","templated":true}]}}